{"id":2269,"date":"2021-11-17T09:14:54","date_gmt":"2021-11-17T08:14:54","guid":{"rendered":"https:\/\/www.chateau-fontenille.com\/fontenille\/"},"modified":"2022-07-26T10:28:05","modified_gmt":"2022-07-26T08:28:05","slug":"fontenille","status":"publish","type":"page","link":"https:\/\/www.chateau-fontenille.com\/en\/","title":{"rendered":"Fontenille"},"content":{"rendered":"<p>[et_pb_section fb_built=&#8221;1&#8243; disabled_on=&#8221;off|on|on&#8221; admin_label=&#8221;accueil mobile&#8221; _builder_version=&#8221;4.16&#8243; _module_preset=&#8221;default&#8221; background_image=&#8221;https:\/\/www.chateau-fontenille.com\/wp-content\/uploads\/2021\/10\/fond-gris-header-mobile.jpg&#8221; background_size=&#8221;contain&#8221; background_position=&#8221;top_center&#8221; background_repeat=&#8221;repeat&#8221; custom_margin=&#8221;0px||0px||false|false&#8221; custom_padding=&#8221;0px||0px||false|false&#8221; global_colors_info=&#8221;{}&#8221;][et_pb_row _builder_version=&#8221;4.16&#8243; _module_preset=&#8221;default&#8221; width=&#8221;100%&#8221; min_height=&#8221;120vw&#8221; height=&#8221;120vw&#8221; custom_margin=&#8221;0px||0px||false|false&#8221; custom_padding=&#8221;0px||0px||false|false&#8221; global_colors_info=&#8221;{}&#8221;][et_pb_column type=&#8221;4_4&#8243; _builder_version=&#8221;4.16&#8243; _module_preset=&#8221;default&#8221; global_colors_info=&#8221;{}&#8221;][et_pb_image src=&#8221;https:\/\/www.chateau-fontenille.com\/wp-content\/uploads\/2021\/10\/logo-fontenille-blanc.png&#8221; alt=&#8221;logo-fontenille-blanc&#8221; title_text=&#8221;logo-fontenille-blanc&#8221; align=&#8221;center&#8221; module_id=&#8221;logo-accueil-f&#8221; _builder_version=&#8221;4.16&#8243; _module_preset=&#8221;default&#8221; z_index=&#8221;142&#8243; width=&#8221;70%&#8221; module_alignment=&#8221;center&#8221; global_colors_info=&#8221;{}&#8221;][\/et_pb_image][et_pb_image src=&#8221;https:\/\/www.chateau-fontenille.com\/wp-content\/uploads\/2021\/10\/Fontenille-le-passe-muraille-header-mobile.jpg&#8221; alt=&#8221;Fontenille-le-passe-muraille&#8221; title_text=&#8221;Fontenille-le-passe-muraille&#8221; module_id=&#8221;header-acc-mobile&#8221; _builder_version=&#8221;4.16&#8243; _module_preset=&#8221;default&#8221; positioning=&#8221;absolute&#8221; position_origin_a=&#8221;top_center&#8221; vertical_offset=&#8221;30px&#8221; width_tablet=&#8221;&#8221; width_phone=&#8221;100%&#8221; width_last_edited=&#8221;on|phone&#8221; global_colors_info=&#8221;{}&#8221;][\/et_pb_image][et_pb_text module_id=&#8221;passe-muraille-acc&#8221; _builder_version=&#8221;4.17.3&#8243; _module_preset=&#8221;default&#8221; header_2_text_color=&#8221;#4d4d4d&#8221; header_2_font_size=&#8221;3rem&#8221; positioning=&#8221;relative&#8221; vertical_offset=&#8221;265px&#8221; custom_margin=&#8221;100px||||false|false&#8221; global_colors_info=&#8221;{}&#8221;]<\/p>\n<h2 style=\"text-align: center;\">The wall pass<\/h2>\n<p>[\/et_pb_text][\/et_pb_column][\/et_pb_row][\/et_pb_section][et_pb_section fb_built=&#8221;1&#8243; custom_padding_last_edited=&#8221;on|phone&#8221; admin_label=&#8221;section prez&#8221; module_id=&#8221;section-prez-accueil&#8221; _builder_version=&#8221;4.16&#8243; _module_preset=&#8221;default&#8221; background_color=&#8221;rgba(255,255,255,0)&#8221; custom_padding=&#8221;0px||||false|false&#8221; custom_padding_tablet=&#8221;&#8221; custom_padding_phone=&#8221;50px||||false|false&#8221; collapsed=&#8221;off&#8221; global_colors_info=&#8221;{}&#8221;][et_pb_row column_structure=&#8221;3_5,2_5&#8243; module_id=&#8221;row-accueil&#8221; _builder_version=&#8221;4.16&#8243; _module_preset=&#8221;default&#8221; custom_padding=&#8221;0px||||false|false&#8221; global_colors_info=&#8221;{}&#8221;][et_pb_column type=&#8221;3_5&#8243; _builder_version=&#8221;4.16&#8243; _module_preset=&#8221;default&#8221; custom_padding=&#8221;10vh||||false|false&#8221; custom_padding_tablet=&#8221;&#8221; custom_padding_phone=&#8221;2vh||||false|false&#8221; custom_padding_last_edited=&#8221;on|phone&#8221; global_colors_info=&#8221;{}&#8221;][et_pb_text module_id=&#8221;txt-accueil&#8221; module_class=&#8221;txt-minion-bold&#8221; _builder_version=&#8221;4.17.3&#8243; _module_preset=&#8221;default&#8221; text_text_color=&#8221;#808080&#8243; text_font_size=&#8221;3rem&#8221; text_line_height=&#8221;1.2em&#8221; header_font=&#8221;DRagu EL-script||||||||&#8221; header_text_color=&#8221;#29abe2&#8243; header_font_size=&#8221;6rem&#8221; header_line_height=&#8221;1.4em&#8221; custom_padding=&#8221;||||false|false&#8221; animation_style=&#8221;fade&#8221; text_font_size_tablet=&#8221;2rem&#8221; text_font_size_phone=&#8221;&#8221; text_font_size_last_edited=&#8221;on|tablet&#8221; global_colors_info=&#8221;{}&#8221;]<\/p>\n<h1 style=\"text-align: center;\">Fontenille<\/h1>\n<p style=\"text-align: center;\">From the cosy lounge of the chateau<br \/>\nto the resounding wings<br \/>\nof the cuckoo&#8217;s nest,<br \/>\nthere is in fact only a wall to cross.<br \/>\n<span class=\"txt-black\">Fontenille, two promises<br \/>\nin one word :<br \/>\n&#8211; Ch\u00e2teau de Fontenille, precision<br \/>\n&#8211; Coucoute de Fontenille, audacity<\/span><br \/>\nTo go from precision to audacity,<br \/>\nit is above all a state of mind.<\/p>\n<p>[\/et_pb_text][\/et_pb_column][et_pb_column type=&#8221;2_5&#8243; _builder_version=&#8221;4.16&#8243; _module_preset=&#8221;default&#8221; global_colors_info=&#8221;{}&#8221;][et_pb_image src=&#8221;https:\/\/www.chateau-fontenille.com\/wp-content\/uploads\/2021\/09\/personnage-accueil.png&#8221; alt=&#8221;Ch\u00e2teau de Fontenille Magritte-accueil&#8221; title_text=&#8221;Ch\u00e2teau de Fontenille Magritte-accueil&#8221; align_tablet=&#8221;center&#8221; align_phone=&#8221;&#8221; align_last_edited=&#8221;on|desktop&#8221; _builder_version=&#8221;4.16&#8243; _module_preset=&#8221;default&#8221; width_tablet=&#8221;50%&#8221; width_phone=&#8221;&#8221; width_last_edited=&#8221;on|desktop&#8221; animation_style=&#8221;slide&#8221; animation_direction=&#8221;right&#8221; global_colors_info=&#8221;{}&#8221;][\/et_pb_image][\/et_pb_column][\/et_pb_row][\/et_pb_section][et_pb_section fb_built=&#8221;1&#8243; _builder_version=&#8221;4.16&#8243; _module_preset=&#8221;default&#8221; custom_margin=&#8221;||0px||false|false&#8221; custom_padding=&#8221;0px||0px||false|false&#8221; collapsed=&#8221;off&#8221; global_colors_info=&#8221;{}&#8221;][et_pb_row _builder_version=&#8221;4.16&#8243; _module_preset=&#8221;default&#8221; custom_padding=&#8221;0px||||false|false&#8221; global_colors_info=&#8221;{}&#8221;][et_pb_column type=&#8221;4_4&#8243; _builder_version=&#8221;4.16&#8243; _module_preset=&#8221;default&#8221; global_colors_info=&#8221;{}&#8221;][et_pb_text _builder_version=&#8221;4.16&#8243; _module_preset=&#8221;default&#8221; header_2_font=&#8221;DRagu EL-script||||||||&#8221; header_2_text_color=&#8221;#e6e6e6&#8243; header_2_font_size=&#8221;10rem&#8221; custom_margin=&#8221;0px||0px||false|false&#8221; custom_padding=&#8221;0px||0px||false|false&#8221; scroll_vertical_motion_enable=&#8221;on&#8221; scroll_vertical_motion=&#8221;0|50|50|100|0.5|0|1&#8243; header_2_font_size_tablet=&#8221;&#8221; header_2_font_size_phone=&#8221;5rem&#8221; header_2_font_size_last_edited=&#8221;on|phone&#8221; scroll_vertical_motion_tablet=&#8221;0|50|50|100|0.4|0|0.6&#8243; scroll_vertical_motion_phone=&#8221;&#8221; scroll_vertical_motion_last_edited=&#8221;on|tablet&#8221; global_colors_info=&#8221;{}&#8221;]<\/p>\n<h2><a href=\"#\">Vineyard<\/a><\/h2>\n<p>[\/et_pb_text][et_pb_text _builder_version=&#8221;4.16&#8243; _module_preset=&#8221;default&#8221; header_2_font=&#8221;DRagu EL-script||||||||&#8221; header_2_text_color=&#8221;#cccccc&#8221; header_2_font_size=&#8221;6rem&#8221; custom_margin=&#8221;0px||0px||false|false&#8221; custom_padding=&#8221;0px|40px|0px||false|false&#8221; scroll_vertical_motion_enable=&#8221;on&#8221; scroll_vertical_motion=&#8221;0|50|50|100|0.5|0|-0.5&#8243; header_2_font_size_tablet=&#8221;&#8221; header_2_font_size_phone=&#8221;4rem&#8221; header_2_font_size_last_edited=&#8221;on|phone&#8221; scroll_vertical_motion_tablet=&#8221;0|50|50|100|0.3|0|0&#8243; scroll_vertical_motion_phone=&#8221;&#8221; scroll_vertical_motion_last_edited=&#8221;on|tablet&#8221; global_colors_info=&#8221;{}&#8221;]<\/p>\n<h2 style=\"text-align: right;\"><a href=\"#\"> Wines<\/a><\/h2>\n<p>[\/et_pb_text][et_pb_text _builder_version=&#8221;4.16&#8243; _module_preset=&#8221;default&#8221; header_2_font=&#8221;DRagu EL-script||||||||&#8221; header_2_text_color=&#8221;#b3b3b3&#8243; header_2_font_size=&#8221;6rem&#8221; custom_margin=&#8221;0px||-3px||false|false&#8221; custom_padding=&#8221;0px||0px||false|false&#8221; scroll_vertical_motion_enable=&#8221;on&#8221; scroll_vertical_motion=&#8221;0|50|50|100|-0.5|0|0.5&#8243; header_2_font_size_tablet=&#8221;&#8221; header_2_font_size_phone=&#8221;4rem&#8221; header_2_font_size_last_edited=&#8221;on|phone&#8221; scroll_vertical_motion_tablet=&#8221;0|50|50|100|-0.3|0|0.3&#8243; scroll_vertical_motion_phone=&#8221;&#8221; scroll_vertical_motion_last_edited=&#8221;on|tablet&#8221; global_colors_info=&#8221;{}&#8221;]<\/p>\n<h2 style=\"text-align: center;\"><a href=\"#\">Ch\u00e2teau<\/a><\/h2>\n<p>[\/et_pb_text][et_pb_text _builder_version=&#8221;4.16&#8243; _module_preset=&#8221;default&#8221; header_2_font=&#8221;DRagu EL-script||||||||&#8221; header_2_text_color=&#8221;#808080&#8243; header_2_font_size=&#8221;8rem&#8221; custom_margin=&#8221;0px||0px||false|false&#8221; custom_padding=&#8221;0px||0px|50px|false|false&#8221; scroll_vertical_motion_enable=&#8221;on&#8221; scroll_vertical_motion=&#8221;0|50|50|100|0.5|0|1.5&#8243; header_2_font_size_tablet=&#8221;&#8221; header_2_font_size_phone=&#8221;4rem&#8221; header_2_font_size_last_edited=&#8221;on|phone&#8221; scroll_vertical_motion_tablet=&#8221;0|50|50|100|0.3|0|1&#8243; scroll_vertical_motion_phone=&#8221;&#8221; scroll_vertical_motion_last_edited=&#8221;on|tablet&#8221; global_colors_info=&#8221;{}&#8221;]<\/p>\n<h2><a href=\"#\">Coucoute<\/a><\/h2>\n<p>[\/et_pb_text][\/et_pb_column][\/et_pb_row][et_pb_row _builder_version=&#8221;4.17.6&#8243; _module_preset=&#8221;default&#8221; width=&#8221;100%&#8221; module_alignment=&#8221;center&#8221; global_colors_info=&#8221;{}&#8221;][et_pb_column type=&#8221;4_4&#8243; _builder_version=&#8221;4.17.6&#8243; _module_preset=&#8221;default&#8221; global_colors_info=&#8221;{}&#8221;][et_pb_text _builder_version=&#8221;4.17.6&#8243; _module_preset=&#8221;default&#8221; text_font=&#8221;||||||||&#8221; text_text_color=&#8221;rgba(0,0,0,0.65)&#8221; text_line_height=&#8221;1.3em&#8221; header_6_text_color=&#8221;#0C71C3&#8243; header_6_font_size=&#8221;35px&#8221; positioning=&#8221;relative&#8221; vertical_offset=&#8221;8vh&#8221; text_orientation=&#8221;center&#8221; width=&#8221;1135px&#8221; width_tablet=&#8221;550px&#8221; width_phone=&#8221;310px&#8221; width_last_edited=&#8221;on|tablet&#8221; max_width=&#8221;1135px&#8221; max_width_tablet=&#8221;550px&#8221; max_width_phone=&#8221;310px&#8221; max_width_last_edited=&#8221;on|phone&#8221; module_alignment=&#8221;center&#8221; header_6_font_size_tablet=&#8221;30px&#8221; header_6_font_size_phone=&#8221;25px&#8221; header_6_font_size_last_edited=&#8221;on|desktop&#8221; global_colors_info=&#8221;{}&#8221;]<\/p>\n<h6 style=\"text-align: center;\">\u00a0\u201cIf you have built castles in the clouds, your work need not be lost;<br \/> that is where they should be. Now put the foundations under them.\u201d<\/h6>\n<p style=\"text-align: center;\"><em><strong>Henry David Thoreau<\/strong>, precursor of forestry and ecology from 1840.<br \/>\nTo read again carefully, two centuries later!<\/em><\/p>\n<p>[\/et_pb_text][\/et_pb_column][\/et_pb_row][\/et_pb_section][et_pb_section fb_built=&#8221;1&#8243; admin_label=&#8221;footer&#8221; module_id=&#8221;footer-accueil&#8221; _builder_version=&#8221;4.17.6&#8243; _module_preset=&#8221;default&#8221; background_image=&#8221;https:\/\/www.chateau-fontenille.com\/wp-content\/uploads\/2021\/09\/footer-acueil.jpg&#8221; background_position=&#8221;bottom_center&#8221; min_height=&#8221;100vh&#8221; min_height_tablet=&#8221;44vh&#8221; min_height_phone=&#8221;30vh&#8221; min_height_last_edited=&#8221;on|tablet&#8221; custom_margin=&#8221;-35vh||0px||false|false&#8221; custom_margin_tablet=&#8221;0vh||||false|false&#8221; custom_margin_phone=&#8221;&#8221; custom_margin_last_edited=&#8221;on|tablet&#8221; custom_padding=&#8221;0px||0px||false|false&#8221; hover_enabled=&#8221;0&#8243; background_last_edited=&#8221;on|tablet&#8221; background_size_phone=&#8221;contain&#8221; global_colors_info=&#8221;{}&#8221; sticky_enabled=&#8221;0&#8243; background_size_tablet=&#8221;contain&#8221;][et_pb_row disabled_on=&#8221;on|on|off&#8221; _builder_version=&#8221;4.16&#8243; _module_preset=&#8221;default&#8221; background_enable_color=&#8221;off&#8221; positioning=&#8221;absolute&#8221; position_origin_a=&#8221;bottom_center&#8221; vertical_offset=&#8221;0px&#8221; position_origin_a_tablet=&#8221;&#8221; position_origin_a_phone=&#8221;&#8221; position_origin_a_last_edited=&#8221;on|phone&#8221; position_origin_f_tablet=&#8221;&#8221; position_origin_f_phone=&#8221;&#8221; position_origin_f_last_edited=&#8221;on|desktop&#8221; position_origin_r_tablet=&#8221;&#8221; position_origin_r_phone=&#8221;&#8221; position_origin_r_last_edited=&#8221;on|desktop&#8221; width=&#8221;100%&#8221; width_tablet=&#8221;100%&#8221; width_phone=&#8221;&#8221; width_last_edited=&#8221;on|tablet&#8221; max_width=&#8221;100%&#8221; custom_padding=&#8221;||10px|||&#8221; positioning_tablet=&#8221;absolute&#8221; positioning_phone=&#8221;&#8221; positioning_last_edited=&#8221;on|desktop&#8221; border_color_top=&#8221;#FFFFFF&#8221; global_colors_info=&#8221;{}&#8221;][et_pb_column type=&#8221;4_4&#8243; _builder_version=&#8221;4.16&#8243; _module_preset=&#8221;default&#8221; global_colors_info=&#8221;{}&#8221;][et_pb_code _builder_version=&#8221;4.16&#8243; _module_preset=&#8221;default&#8221; text_orientation=&#8221;center&#8221; module_alignment=&#8221;center&#8221; custom_margin=&#8221;||10px||false|false&#8221; global_colors_info=&#8221;{}&#8221;]<a href=\"https:\/\/www.facebook.com\/chateaudefontenille\" target=\"_blank\" rel=\"noopener\"><img decoding=\"async\" class=\"ico-rs\" src=\"\/wp-content\/uploads\/2021\/09\/ico-FB.jpg\" \/><\/a> <a href=\"https:\/\/www.instagram.com\/p\/CTm2DoHIbOu\/\" target=\"_blank\" rel=\"noopener\"> <img decoding=\"async\" class=\"ico-rs\" src=\"\/wp-content\/uploads\/2021\/09\/ico-insta.jpg\" \/><\/a>[\/et_pb_code][et_pb_text _builder_version=&#8221;4.16&#8243; _module_preset=&#8221;default&#8221; text_font=&#8221;|||on|||||&#8221; text_text_color=&#8221;#7f7f7f&#8221; text_font_size=&#8221;12px&#8221; link_text_color=&#8221;#bcbcbc&#8221; global_colors_info=&#8221;{}&#8221; link_text_color__hover_enabled=&#8221;on|hover&#8221; link_text_color__hover=&#8221;rgba(188,188,188,0.79)&#8221;]<\/p>\n<p style=\"text-align: center;\">\u00a9 2021 &#8211; Copyright ch\u00e2teau de Fontenille | <a title=\"MENTIONS L\u00c9GALES\" href=\"https:\/\/www.chateau-fontenille.com\/politique-de-confidentialite\/\">MENTIONS L\u00c9GALES<\/a><\/p>\n<p>[\/et_pb_text][\/et_pb_column][\/et_pb_row][\/et_pb_section][et_pb_section fb_built=&#8221;1&#8243; disabled_on=&#8221;off|off|on&#8221; admin_label=&#8221;section rs mobile&#8221; _builder_version=&#8221;4.16&#8243; _module_preset=&#8221;default&#8221; background_image=&#8221;https:\/\/www.chateau-fontenille.com\/wp-content\/uploads\/2021\/10\/fond-blanc-footer-2.jpg&#8221; background_size=&#8221;contain&#8221; background_position=&#8221;top_center&#8221; background_repeat=&#8221;repeat-y&#8221; custom_margin=&#8221;0px||0px||false|false&#8221; custom_padding=&#8221;0px||0px||false|false&#8221; global_colors_info=&#8221;{}&#8221;][et_pb_row _builder_version=&#8221;4.16&#8243; _module_preset=&#8221;default&#8221; background_enable_color=&#8221;off&#8221; positioning=&#8221;none&#8221; position_origin_a=&#8221;bottom_center&#8221; vertical_offset=&#8221;-85px&#8221; position_origin_a_tablet=&#8221;&#8221; position_origin_a_phone=&#8221;&#8221; position_origin_a_last_edited=&#8221;on|phone&#8221; position_origin_f_tablet=&#8221;&#8221; position_origin_f_phone=&#8221;&#8221; position_origin_f_last_edited=&#8221;on|desktop&#8221; position_origin_r_tablet=&#8221;&#8221; position_origin_r_phone=&#8221;&#8221; position_origin_r_last_edited=&#8221;on|desktop&#8221; width=&#8221;100%&#8221; width_tablet=&#8221;100%&#8221; width_phone=&#8221;&#8221; width_last_edited=&#8221;on|tablet&#8221; max_width=&#8221;100%&#8221; custom_padding=&#8221;||10px|||&#8221; positioning_tablet=&#8221;none&#8221; positioning_phone=&#8221;&#8221; positioning_last_edited=&#8221;on|desktop&#8221; border_color_top=&#8221;#FFFFFF&#8221; global_colors_info=&#8221;{}&#8221;][et_pb_column type=&#8221;4_4&#8243; _builder_version=&#8221;4.16&#8243; _module_preset=&#8221;default&#8221; global_colors_info=&#8221;{}&#8221;][et_pb_code _builder_version=&#8221;4.16&#8243; _module_preset=&#8221;default&#8221; text_orientation=&#8221;center&#8221; module_alignment=&#8221;center&#8221; custom_margin=&#8221;||10px||false|false&#8221; global_colors_info=&#8221;{}&#8221;]<a href=\"https:\/\/www.facebook.com\/chateaudefontenille\" target=\"_blank\" rel=\"noopener\"><img decoding=\"async\" class=\"ico-rs\" src=\"\/wp-content\/uploads\/2021\/09\/ico-FB.jpg\" \/><\/a> <a href=\"https:\/\/www.instagram.com\/p\/CTm2DoHIbOu\/\" target=\"_blank\" rel=\"noopener\"> <img decoding=\"async\" class=\"ico-rs\" src=\"\/wp-content\/uploads\/2021\/09\/ico-insta.jpg\" \/><\/a>[\/et_pb_code][et_pb_text content_tablet=&#8221;<\/p>\n<p style=%22text-align: center;%22>\u00a9 2021 &#8211; Copyright ch\u00e2teau de Fontenille | <a title=%22MENTIONS L\u00c9GALES%22 href=%22#%22>MENTIONS L\u00c9GALES<\/a><\/p>\n<p>&#8221; content_phone=&#8221;<\/p>\n<p style=%22text-align: center;%22>\u00a9 2021 &#8211; Copyright ch\u00e2teau de Fontenille <br \/><a title=%22MENTIONS L\u00c9GALES%22 href=%22#%22>MENTIONS L\u00c9GALES<\/a><\/p>\n<p>&#8221; content_last_edited=&#8221;on|desktop&#8221; _builder_version=&#8221;4.16&#8243; _module_preset=&#8221;default&#8221; text_font=&#8221;|||on|||||&#8221; text_text_color=&#8221;#7f7f7f&#8221; text_font_size=&#8221;12px&#8221; link_text_color=&#8221;#bcbcbc&#8221; custom_padding_tablet=&#8221;&#8221; custom_padding_phone=&#8221;|5px||5px|false|false&#8221; custom_padding_last_edited=&#8221;on|phone&#8221; text_font_size_tablet=&#8221;&#8221; text_font_size_phone=&#8221;12px&#8221; text_font_size_last_edited=&#8221;on|phone&#8221; link_font_size_tablet=&#8221;&#8221; link_font_size_phone=&#8221;14px&#8221; link_font_size_last_edited=&#8221;on|phone&#8221; global_colors_info=&#8221;{}&#8221; link_text_color__hover_enabled=&#8221;on|hover&#8221; link_text_color__hover=&#8221;rgba(188,188,188,0.79)&#8221;]<\/p>\n<p style=\"text-align: center;\">\u00a9 2021 &#8211; Copyright ch\u00e2teau de Fontenille | <a title=\"MENTIONS L\u00c9GALES\" href=\"https:\/\/www.chateau-fontenille.com\/politique-de-confidentialite\/\">MENTIONS L\u00c9GALES<\/a><\/p>\n<p>[\/et_pb_text][\/et_pb_column][\/et_pb_row][\/et_pb_section]<\/p>\n","protected":false},"excerpt":{"rendered":"<p>The wall passFontenille From the cosy lounge of the chateau to the resounding wings of the cuckoo&#8217;s nest, there is in fact only a wall to cross. Fontenille, two promises in one word : &#8211; Ch\u00e2teau de Fontenille, precision &#8211; Coucoute de Fontenille, audacity To go from precision to audacity, it is above all a [&hellip;]<\/p>\n","protected":false},"author":1,"featured_media":0,"parent":0,"menu_order":0,"comment_status":"closed","ping_status":"closed","template":"","meta":{"_et_pb_use_builder":"on","_et_pb_old_content":"","_et_gb_content_width":"","inline_featured_image":false,"footnotes":""},"class_list":["post-2269","page","type-page","status-publish","hentry"],"_links":{"self":[{"href":"https:\/\/www.chateau-fontenille.com\/en\/wp-json\/wp\/v2\/pages\/2269","targetHints":{"allow":["GET"]}}],"collection":[{"href":"https:\/\/www.chateau-fontenille.com\/en\/wp-json\/wp\/v2\/pages"}],"about":[{"href":"https:\/\/www.chateau-fontenille.com\/en\/wp-json\/wp\/v2\/types\/page"}],"author":[{"embeddable":true,"href":"https:\/\/www.chateau-fontenille.com\/en\/wp-json\/wp\/v2\/users\/1"}],"replies":[{"embeddable":true,"href":"https:\/\/www.chateau-fontenille.com\/en\/wp-json\/wp\/v2\/comments?post=2269"}],"version-history":[{"count":36,"href":"https:\/\/www.chateau-fontenille.com\/en\/wp-json\/wp\/v2\/pages\/2269\/revisions"}],"predecessor-version":[{"id":2846,"href":"https:\/\/www.chateau-fontenille.com\/en\/wp-json\/wp\/v2\/pages\/2269\/revisions\/2846"}],"wp:attachment":[{"href":"https:\/\/www.chateau-fontenille.com\/en\/wp-json\/wp\/v2\/media?parent=2269"}],"curies":[{"name":"wp","href":"https:\/\/api.w.org\/{rel}","templated":true}]}}